{"id":720,"date":"2022-02-09T12:56:55","date_gmt":"2022-02-09T11:56:55","guid":{"rendered":"https:\/\/www.mediaprim.net\/?page_id=720"},"modified":"2024-12-08T17:02:44","modified_gmt":"2024-12-08T16:02:44","slug":"conditions-generales-de-vente-pour-une-action-de-formation","status":"publish","type":"page","link":"https:\/\/learningsmart.net\/index.php\/conditions-generales-de-vente-pour-une-action-de-formation\/","title":{"rendered":"Conditions g\u00e9n\u00e9rales de vente pour une action de formation"},"content":{"rendered":"<p>[et_pb_section fb_built=\u00a0\u00bb1&Prime; _builder_version=\u00a0\u00bb4.16&Prime; _module_preset=\u00a0\u00bbdefault\u00a0\u00bb global_colors_info=\u00a0\u00bb{}\u00a0\u00bb][et_pb_row _builder_version=\u00a0\u00bb4.16&Prime; _module_preset=\u00a0\u00bbdefault\u00a0\u00bb global_colors_info=\u00a0\u00bb{}\u00a0\u00bb][et_pb_column type=\u00a0\u00bb4_4&Prime; _builder_version=\u00a0\u00bb4.16&Prime; _module_preset=\u00a0\u00bbdefault\u00a0\u00bb global_colors_info=\u00a0\u00bb{}\u00a0\u00bb][et_pb_text _builder_version=\u00a0\u00bb4.16&Prime; _module_preset=\u00a0\u00bbdefault\u00a0\u00bb text_text_color=\u00a0\u00bb#000000&Prime; text_font_size=\u00a0\u00bb40px\u00a0\u00bb text_orientation=\u00a0\u00bbcenter\u00a0\u00bb text_text_shadow_style=\u00a0\u00bbpreset1&Prime; global_colors_info=\u00a0\u00bb{}\u00a0\u00bb]<\/p>\n<p>Conditions G\u00e9n\u00e9rales de Vente<\/p>\n<p>pour une Formation Professionnelle Continue<\/p>\n<p>[\/et_pb_text][\/et_pb_column][\/et_pb_row][et_pb_row _builder_version=\u00a0\u00bb4.16&Prime; _module_preset=\u00a0\u00bbdefault\u00a0\u00bb global_colors_info=\u00a0\u00bb{}\u00a0\u00bb][et_pb_column type=\u00a0\u00bb4_4&Prime; _builder_version=\u00a0\u00bb4.16&Prime; _module_preset=\u00a0\u00bbdefault\u00a0\u00bb global_colors_info=\u00a0\u00bb{}\u00a0\u00bb][et_pb_text _builder_version=\u00a0\u00bb4.16&Prime; _module_preset=\u00a0\u00bbdefault\u00a0\u00bb text_font_size=\u00a0\u00bb17px\u00a0\u00bb text_text_shadow_style=\u00a0\u00bbpreset1&Prime; global_colors_info=\u00a0\u00bb{}\u00a0\u00bb]<\/p>\n<h2>D\u00e9signation<\/h2>\n<p>[\/et_pb_text][et_pb_text _builder_version=\u00a0\u00bb4.27.4&Prime; _module_preset=\u00a0\u00bbdefault\u00a0\u00bb text_font=\u00a0\u00bbArial||||||||\u00a0\u00bb text_font_size=\u00a0\u00bb20px\u00a0\u00bb custom_margin=\u00a0\u00bb|20px||40px|false|false\u00a0\u00bb hover_enabled=\u00a0\u00bb0&Prime; global_colors_info=\u00a0\u00bb{}\u00a0\u00bb sticky_enabled=\u00a0\u00bb0&Prime;]<\/p>\n<p>LEARNING SMART d\u00e9signe un organisme de formation professionnelle, dont le si\u00e8ge social est situ\u00e9 au 14, All\u00e9e de la P\u00e9pini\u00e8re Oasis &#8211; 80480 DURY.<\/p>\n<p>[\/et_pb_text][et_pb_text _builder_version=\u00a0\u00bb4.16&Prime; _module_preset=\u00a0\u00bbdefault\u00a0\u00bb text_font_size=\u00a0\u00bb17px\u00a0\u00bb text_text_shadow_style=\u00a0\u00bbpreset1&Prime; global_colors_info=\u00a0\u00bb{}\u00a0\u00bb]<\/p>\n<h2>Objet et champ d\u2019application<\/h2>\n<p>[\/et_pb_text][et_pb_text _builder_version=\u00a0\u00bb4.27.4&Prime; _module_preset=\u00a0\u00bbdefault\u00a0\u00bb text_font=\u00a0\u00bbArial||||||||\u00a0\u00bb text_font_size=\u00a0\u00bb20px\u00a0\u00bb custom_margin=\u00a0\u00bb|20px||40px|false|false\u00a0\u00bb hover_enabled=\u00a0\u00bb0&Prime; global_colors_info=\u00a0\u00bb{}\u00a0\u00bb sticky_enabled=\u00a0\u00bb0&Prime;]<\/p>\n<p>Les pr\u00e9sentes Conditions g\u00e9n\u00e9rales de Vente d\u00e9terminent les conditions applicables aux prestations de formation effectu\u00e9es par LEARNING SMART\u00a0 pour le compte d\u2019un client.<br \/>Toute commande de formation aupr\u00e8s de la soci\u00e9t\u00e9 implique l\u2019acceptation sans r\u00e9serve du client des pr\u00e9sentes Conditions g\u00e9n\u00e9rales de Vente. Ces conditions pr\u00e9valent sur tout autre document du client, en particulier sur toutes conditions g\u00e9n\u00e9rales d\u2019achat.<\/p>\n<p>[\/et_pb_text][et_pb_text _builder_version=\u00a0\u00bb4.16&Prime; _module_preset=\u00a0\u00bbdefault\u00a0\u00bb text_font_size=\u00a0\u00bb17px\u00a0\u00bb text_text_shadow_style=\u00a0\u00bbpreset1&Prime; global_colors_info=\u00a0\u00bb{}\u00a0\u00bb]<\/p>\n<h2>Devis et attestation<\/h2>\n<p>[\/et_pb_text][et_pb_text _builder_version=\u00a0\u00bb4.27.4&Prime; _module_preset=\u00a0\u00bbdefault\u00a0\u00bb text_font=\u00a0\u00bbArial||||||||\u00a0\u00bb text_font_size=\u00a0\u00bb20px\u00a0\u00bb custom_margin=\u00a0\u00bb|20px||40px|false|false\u00a0\u00bb hover_enabled=\u00a0\u00bb0&Prime; global_colors_info=\u00a0\u00bb{}\u00a0\u00bb sticky_enabled=\u00a0\u00bb0&Prime;]<\/p>\n<p>Pour chaque formation, la soci\u00e9t\u00e9 LEARNING SMART\u00a0 s\u2019engage \u00e0 fournir un devis au client. Ce dernier est tenu de retourner \u00e0 la soci\u00e9t\u00e9 un exemplaire renseign\u00e9, dat\u00e9, sign\u00e9 et tamponn\u00e9, avec la mention \u00ab Bon pour accord \u00bb. \u00c0 la demande du client, une attestation de pr\u00e9sence ou de fin de formation peut lui \u00eatre fournie.<\/p>\n<p>[\/et_pb_text][et_pb_text _builder_version=\u00a0\u00bb4.16&Prime; _module_preset=\u00a0\u00bbdefault\u00a0\u00bb text_font_size=\u00a0\u00bb17px\u00a0\u00bb text_text_shadow_style=\u00a0\u00bbpreset1&Prime; global_colors_info=\u00a0\u00bb{}\u00a0\u00bb]<\/p>\n<h2>Prix et modalit\u00e9s de paiement<\/h2>\n<p>[\/et_pb_text][et_pb_text _builder_version=\u00a0\u00bb4.16&Prime; _module_preset=\u00a0\u00bbdefault\u00a0\u00bb text_font=\u00a0\u00bbArial||||||||\u00a0\u00bb text_font_size=\u00a0\u00bb20px\u00a0\u00bb custom_margin=\u00a0\u00bb|20px||40px|false|false\u00a0\u00bb global_colors_info=\u00a0\u00bb{}\u00a0\u00bb]<\/p>\n<p>Les prix des formations sont indiqu\u00e9s en euros hors taxes et sont \u00e0 majorer de la TVA au taux en vigueur. Le paiement est \u00e0 effectuer apr\u00e8s ex\u00e9cution de la prestation, \u00e0 la r\u00e9ception de facture, au comptant. Le r\u00e8glement des factures peut \u00eatre effectu\u00e9 par virement bancaire ou par ch\u00e8que.<\/p>\n<p>[\/et_pb_text][et_pb_text _builder_version=\u00a0\u00bb4.16&Prime; _module_preset=\u00a0\u00bbdefault\u00a0\u00bb text_font_size=\u00a0\u00bb17px\u00a0\u00bb text_text_shadow_style=\u00a0\u00bbpreset1&Prime; global_colors_info=\u00a0\u00bb{}\u00a0\u00bb]<\/p>\n<h2>Prise en charge<\/h2>\n<p>[\/et_pb_text][et_pb_text _builder_version=\u00a0\u00bb4.27.4&Prime; _module_preset=\u00a0\u00bbdefault\u00a0\u00bb text_font=\u00a0\u00bbArial||||||||\u00a0\u00bb text_font_size=\u00a0\u00bb20px\u00a0\u00bb custom_margin=\u00a0\u00bb|20px||40px|false|false\u00a0\u00bb hover_enabled=\u00a0\u00bb0&Prime; global_colors_info=\u00a0\u00bb{}\u00a0\u00bb sticky_enabled=\u00a0\u00bb0&Prime;]<\/p>\n<p>Si le client b\u00e9n\u00e9ficie d\u2019un financement par un Organisme paritaire collecteur agr\u00e9\u00e9 (OPCO), il doit faire une demande de prise en charge avant le d\u00e9but de la prestation.<br \/>Le client est tenu de fournir l\u2019accord de financement lors de l\u2019inscription. Dans le cas o\u00f9 la soci\u00e9t\u00e9 LEARNING SMART\u00a0 ne re\u00e7oit pas la prise en charge de l\u2019OPCO au 1 er \u00a0jour de la formation, l\u2019int\u00e9gralit\u00e9 des co\u00fbts de formation sera factur\u00e9e au client.<\/p>\n<p>[\/et_pb_text][et_pb_text _builder_version=\u00a0\u00bb4.16&Prime; _module_preset=\u00a0\u00bbdefault\u00a0\u00bb text_font_size=\u00a0\u00bb17px\u00a0\u00bb text_text_shadow_style=\u00a0\u00bbpreset1&Prime; global_colors_info=\u00a0\u00bb{}\u00a0\u00bb]<\/p>\n<h2>Conditions de report et d\u2019annulation d\u2019une s\u00e9ance de formation<\/h2>\n<p>[\/et_pb_text][et_pb_text _builder_version=\u00a0\u00bb4.27.4&Prime; _module_preset=\u00a0\u00bbdefault\u00a0\u00bb text_font=\u00a0\u00bbArial||||||||\u00a0\u00bb text_font_size=\u00a0\u00bb20px\u00a0\u00bb custom_margin=\u00a0\u00bb|20px||40px|false|false\u00a0\u00bb hover_enabled=\u00a0\u00bb0&Prime; global_colors_info=\u00a0\u00bb{}\u00a0\u00bb sticky_enabled=\u00a0\u00bb0&Prime;]<\/p>\n<p>L\u2019annulation d\u2019une s\u00e9ance de formation est possible, \u00e0 condition de le faire au moins 10 jours calendaires avant le jour et l\u2019heure pr\u00e9vus. Toute annulation doit faire l\u2019objet d\u2019une notification par e-mail \u00e0 l\u2019adresse learning smart.formations@gmail.com. En cas d\u2019annulation entre 4 et 10 jours ouvrables avant la date de la formation, le client est tenu de payer une p\u00e9nalit\u00e9 d\u2019annulation, \u00e0 hauteur de 50% du co\u00fbt total initial de la formation. En cas d\u2019annulation moins de 3 jours ouvrables avant le d\u00e9but de la formation, une p\u00e9nalit\u00e9 d\u2019annulation correspondant \u00e0 10% du co\u00fbt total initial sera factur\u00e9e au client.<\/p>\n<p>La demande de report de sa participation \u00e0 une formation peut \u00eatre effectu\u00e9e par le client, \u00e0 condition d\u2019adresser une demande \u00e9crite \u00e0 l\u2019organisme de formation dans un d\u00e9lai de 10 jours avant la date de la formation.<br \/>En cas d\u2019inex\u00e9cution de ses obligations suite \u00e0 un \u00e9v\u00e9nement fortuit ou \u00e0 un cas de force majeur, la soci\u00e9t\u00e9 LEARNING SMART\u00a0 ne pourra \u00eatre tenue responsable \u00e0 l\u2019\u00e9gard de ses clients.<br \/>Ces derniers seront inform\u00e9s par mail.<\/p>\n<p>[\/et_pb_text][et_pb_text _builder_version=\u00a0\u00bb4.16&Prime; _module_preset=\u00a0\u00bbdefault\u00a0\u00bb text_font_size=\u00a0\u00bb17px\u00a0\u00bb text_text_shadow_style=\u00a0\u00bbpreset1&Prime; global_colors_info=\u00a0\u00bb{}\u00a0\u00bb]<\/p>\n<h2>Programme des formations<\/h2>\n<p>[\/et_pb_text][et_pb_text _builder_version=\u00a0\u00bb4.16&Prime; _module_preset=\u00a0\u00bbdefault\u00a0\u00bb text_font=\u00a0\u00bbArial||||||||\u00a0\u00bb text_font_size=\u00a0\u00bb20px\u00a0\u00bb custom_margin=\u00a0\u00bb|20px||40px|false|false\u00a0\u00bb global_colors_info=\u00a0\u00bb{}\u00a0\u00bb]<\/p>\n<p>S\u2019il le juge n\u00e9cessaire, l\u2019intervenant pourra modifier les contenus des formations suivant la dynamique de groupe ou le niveau des participants. Les contenus des programmes figurant sur les fiches de pr\u00e9sentation ne sont ainsi fournis qu\u2019\u00e0 titre indicatif.<\/p>\n<p>[\/et_pb_text][et_pb_text _builder_version=\u00a0\u00bb4.16&Prime; _module_preset=\u00a0\u00bbdefault\u00a0\u00bb text_font_size=\u00a0\u00bb17px\u00a0\u00bb text_text_shadow_style=\u00a0\u00bbpreset1&Prime; global_colors_info=\u00a0\u00bb{}\u00a0\u00bb]<\/p>\n<h2>Propri\u00e9t\u00e9 intellectuelle et droit d\u2019auteur<\/h2>\n<p>[\/et_pb_text][et_pb_text _builder_version=\u00a0\u00bb4.16&Prime; _module_preset=\u00a0\u00bbdefault\u00a0\u00bb text_font=\u00a0\u00bbArial||||||||\u00a0\u00bb text_font_size=\u00a0\u00bb20px\u00a0\u00bb custom_margin=\u00a0\u00bb|20px||40px|false|false\u00a0\u00bb global_colors_info=\u00a0\u00bb{}\u00a0\u00bb]<\/p>\n<p>Les supports de formation, quelle qu\u2019en soit la forme (papier, num\u00e9rique, \u00e9lectronique\u2026), sont prot\u00e9g\u00e9s par la propri\u00e9t\u00e9 intellectuelle et le droit d\u2019auteur. Leur reproduction, partielle ou totale, ne peut \u00eatre effectu\u00e9e sans l\u2019accord expr\u00e8s de la soci\u00e9t\u00e9. Le client s\u2019engage \u00e0 ne pas utiliser, transmettre ou reproduire tout ou partie de ces documents en vue de l\u2019organisation ou de l\u2019animation de formations.<\/p>\n<p>[\/et_pb_text][et_pb_text _builder_version=\u00a0\u00bb4.16&Prime; _module_preset=\u00a0\u00bbdefault\u00a0\u00bb text_font_size=\u00a0\u00bb17px\u00a0\u00bb text_text_shadow_style=\u00a0\u00bbpreset1&Prime; global_colors_info=\u00a0\u00bb{}\u00a0\u00bb]<\/p>\n<h2>Informatique et libert\u00e9s<\/h2>\n<p>[\/et_pb_text][et_pb_text _builder_version=\u00a0\u00bb4.27.4&Prime; _module_preset=\u00a0\u00bbdefault\u00a0\u00bb text_font=\u00a0\u00bbArial||||||||\u00a0\u00bb text_font_size=\u00a0\u00bb20px\u00a0\u00bb custom_margin=\u00a0\u00bb|20px||40px|false|false\u00a0\u00bb hover_enabled=\u00a0\u00bb0&Prime; global_colors_info=\u00a0\u00bb{}\u00a0\u00bb sticky_enabled=\u00a0\u00bb0&Prime;]<\/p>\n<p>Les informations \u00e0 caract\u00e8re personnel communiqu\u00e9es par le client \u00e0 la soci\u00e9t\u00e9 LEARNING SMART\u00a0 sont utiles pour le traitement de l\u2019inscription ainsi que pour la constitution d\u2019un fichier client\u00e8le pour des prospections commerciales. Suivant la loi \u00ab informatique et libert\u00e9s \u00bb du 6 janvier 1978, le client dispose d\u2019un droit d\u2019acc\u00e8s, de rectification et d\u2019opposition des donn\u00e9es personnelles le concernant.<\/p>\n<p><strong>Loi applicable et attribution de comp\u00e9tence<\/strong><\/p>\n<p>Les pr\u00e9sentes Conditions g\u00e9n\u00e9rales de Vente sont encadr\u00e9es par la loi fran\u00e7aise. En cas de litige survenant entre la soci\u00e9t\u00e9 LEARNING SMART\u00a0 et le client, la recherche d\u2019une solution \u00e0 l\u2019amiable sera privil\u00e9gi\u00e9e. \u00c0 d\u00e9faut, l\u2019affaire sera port\u00e9e devant le tribunal comp\u00e9tent.<\/p>\n<p>[\/et_pb_text][\/et_pb_column][\/et_pb_row][\/et_pb_section]<\/p>\n","protected":false},"excerpt":{"rendered":"<p>Conditions G\u00e9n\u00e9rales de Vente pour une Formation Professionnelle ContinueD\u00e9signationLEARNING SMART d\u00e9signe un organisme de formation professionnelle, dont le si\u00e8ge social est situ\u00e9 au 14, All\u00e9e de la P\u00e9pini\u00e8re Oasis &#8211; 80480 DURY.Objet et champ d\u2019applicationLes pr\u00e9sentes Conditions g\u00e9n\u00e9rales de Vente d\u00e9terminent les conditions applicables aux prestations de formation effectu\u00e9es par LEARNING SMART\u00a0 pour le compte [&hellip;]<\/p>\n","protected":false},"author":1,"featured_media":0,"parent":0,"menu_order":0,"comment_status":"closed","ping_status":"closed","template":"","meta":{"_et_pb_use_builder":"on","_et_pb_old_content":"","_et_gb_content_width":"","footnotes":""},"class_list":["post-720","page","type-page","status-publish","hentry"],"_links":{"self":[{"href":"https:\/\/learningsmart.net\/index.php\/wp-json\/wp\/v2\/pages\/720","targetHints":{"allow":["GET"]}}],"collection":[{"href":"https:\/\/learningsmart.net\/index.php\/wp-json\/wp\/v2\/pages"}],"about":[{"href":"https:\/\/learningsmart.net\/index.php\/wp-json\/wp\/v2\/types\/page"}],"author":[{"embeddable":true,"href":"https:\/\/learningsmart.net\/index.php\/wp-json\/wp\/v2\/users\/1"}],"replies":[{"embeddable":true,"href":"https:\/\/learningsmart.net\/index.php\/wp-json\/wp\/v2\/comments?post=720"}],"version-history":[{"count":2,"href":"https:\/\/learningsmart.net\/index.php\/wp-json\/wp\/v2\/pages\/720\/revisions"}],"predecessor-version":[{"id":1488,"href":"https:\/\/learningsmart.net\/index.php\/wp-json\/wp\/v2\/pages\/720\/revisions\/1488"}],"wp:attachment":[{"href":"https:\/\/learningsmart.net\/index.php\/wp-json\/wp\/v2\/media?parent=720"}],"curies":[{"name":"wp","href":"https:\/\/api.w.org\/{rel}","templated":true}]}}