{"id":1481,"date":"2024-12-08T16:48:59","date_gmt":"2024-12-08T15:48:59","guid":{"rendered":"https:\/\/learningsmart.net\/?page_id=1481"},"modified":"2025-01-14T16:13:24","modified_gmt":"2025-01-14T15:13:24","slug":"mentions-legales-2","status":"publish","type":"page","link":"https:\/\/learningsmart.net\/index.php\/mentions-legales-2\/","title":{"rendered":"Mentions l\u00e9gales"},"content":{"rendered":"<p>[et_pb_section fb_built=\u00a0\u00bb1&Prime; _builder_version=\u00a0\u00bb4.27.4&Prime; _module_preset=\u00a0\u00bbdefault\u00a0\u00bb global_colors_info=\u00a0\u00bb{}\u00a0\u00bb][et_pb_row _builder_version=\u00a0\u00bb4.27.4&Prime; _module_preset=\u00a0\u00bbdefault\u00a0\u00bb global_colors_info=\u00a0\u00bb{}\u00a0\u00bb][et_pb_column type=\u00a0\u00bb4_4&Prime; _builder_version=\u00a0\u00bb4.27.4&Prime; _module_preset=\u00a0\u00bbdefault\u00a0\u00bb global_colors_info=\u00a0\u00bb{}\u00a0\u00bb][et_pb_text _builder_version=\u00a0\u00bb4.27.4&Prime; _module_preset=\u00a0\u00bbdefault\u00a0\u00bb global_colors_info=\u00a0\u00bb{}\u00a0\u00bb]<\/p>\n<h1 style=\"text-align: center;\"><strong>Mentions l\u00e9gales<\/strong><\/h1>\n<p>[\/et_pb_text][et_pb_text _builder_version=\u00a0\u00bb4.27.4&Prime; _module_preset=\u00a0\u00bbdefault\u00a0\u00bb hover_enabled=\u00a0\u00bb0&Prime; global_colors_info=\u00a0\u00bb{}\u00a0\u00bb sticky_enabled=\u00a0\u00bb0&Prime;]<\/p>\n<div class=\"et_pb_module et_pb_text et_pb_text_1  et_pb_text_align_left et_pb_bg_layout_light\">\n<div class=\"et_pb_text_inner\">\n<div class=\"et_pb_module et_pb_text et_pb_text_1  et_pb_text_align_left et_pb_bg_layout_light\">\n<div class=\"et_pb_text_inner\">\n<p><span>learningsmart.net<\/span><span>\u00a0<\/span>est un site \u00e9dit\u00e9 par <strong>LEARNING SMART<\/strong><\/p>\n<p>au capital de 1000 \u20ac, immatricul\u00e9e au Registre du commerce et des soci\u00e9t\u00e9s de Amiens sous le num\u00e9ro 980 901 037 et ayant son si\u00e8ge social situ\u00e9 14 all\u00e9e de la P\u00e9pini\u00e8re Oasis &#8211; 80480 DURY<\/p>\n<p><span>Num\u00e9ro de d\u00e9claration d\u2019existence : 32 80 02461 80\u00a0<\/span><\/p>\n<p>Directeur de la publication : Monsieur Sidney IBGHY \u2013 <em>Contactez-le sur cette page.<\/em><\/p>\n<p>Le site Internet est h\u00e9berg\u00e9 sur des serveurs d\u00e9di\u00e9s appartenant \u00e0 SidSpace SLU .<\/p>\n<p>Le site Internet https:\/\/www.learningsmart.net (le Site) est la propri\u00e9t\u00e9 exclusive de SidSpace SLU.<\/p>\n<p>La consultation du Site est subordonn\u00e9e \u00e0 l\u2019acceptation int\u00e9grale et au respect par les internautes, des conditions d\u2019utilisation suivantes.<\/p>\n<p>L\u2019internaute s\u2019engage \u00e0 faire un usage personnel et non commercial des informations contenues sur le Site. En cas de non-respect des dispositions des pr\u00e9sentes mentions l\u00e9gales, par l\u2019internaute, sa responsabilit\u00e9 civile et\/ou p\u00e9nale pourrai(en)t se voir engag\u00e9e(s).<\/p>\n<h2><\/h2>\n<h3><strong>1. CONTENU DU SITE<\/strong><\/h3>\n<p><strong><\/strong><\/p>\n<p>Le site est exploit\u00e9 par <strong>LEARNING SMART<\/strong><\/p>\n<p>Il pr\u00e9sente des moyens et outils destin\u00e9s \u00e0 la Formation Professionnelle ainsi que des outils de Visioconf\u00e9rence.<\/p>\n<h3><strong>2. PROPRIETE INTELLECTUELLE<\/strong><\/h3>\n<p><strong><\/strong><\/p>\n<p>De mani\u00e8re g\u00e9n\u00e9rale, les donn\u00e9es, les programmes, les \u00e9chantillons musicaux, les textes, les informations, les logos, les identit\u00e9s visuelles, les images anim\u00e9es ou non et leurs mises en forme, les vid\u00e9os, apparaissant sur le Site sont la propri\u00e9t\u00e9 de SidSpace SLU et sont prot\u00e9g\u00e9es \u00e0 ce titre par les dispositions du Code de la propri\u00e9t\u00e9 intellectuelle.<\/p>\n<p>Tout internaute s\u2019engage \u00e0 ne les utiliser que dans le strict cadre offert par le Site et ses conditions.<\/p>\n<h3><strong>3. PROTECTION DES DONNEES PERSONNELLES<\/strong><\/h3>\n<p><strong><\/strong><\/p>\n<p>L\u2019internaute peut \u00eatre amen\u00e9 \u00e0 fournir certaines donn\u00e9es personnelles en r\u00e9pondant aux formulaires qui lui sont propos\u00e9s sur le Site. La saisie de ces donn\u00e9es est n\u00e9cessaire au traitement de la demande de l\u2019internaute, par <strong>LEARNING SMART<\/strong>.<\/p>\n<p><strong>LEARNING SMART<\/strong> s\u2019engage \u00e0 respecter les dispositions de la loi n\u00b078-17 du 6 janvier 1978 relative \u00e0 l\u2019informatique, aux fichiers et aux libert\u00e9s modifi\u00e9es et au R\u00e8glement (UE) 2016\/679 du Parlement europ\u00e9en et du Conseil du 27 avril 2016 dit \u00ab<span>\u00a0<\/span><em>RGPD\u00a0<\/em>\u00bb et prendre toute pr\u00e9caution n\u00e9cessaire pour pr\u00e9server la s\u00e9curit\u00e9 des informations nominatives confi\u00e9es.<\/p>\n<h3><strong>Responsable de traitement<\/strong><\/h3>\n<p><strong><\/strong><\/p>\n<p><strong>LEARNING SMART<\/strong> traite les donn\u00e9es personnelles des internautes en qualit\u00e9 de responsable de traitement.<\/p>\n<h3><strong>Donn\u00e9es personnelles trait\u00e9es et finalit\u00e9s de traitement<\/strong><\/h3>\n<p><strong><\/strong><\/p>\n<p><strong>LEARNING SMART<\/strong> recueille sur le Site des donn\u00e9es personnelles d\u2019internautes ayant pris contact avec elle notamment via le formulaire de contact en ligne ou en s\u2019inscrivant \u00e0 la newsletter. Ces donn\u00e9es sont n\u00e9cessaires afin de r\u00e9pondre \u00e0 la sollicitation des internautes. Dans le cadre de la fourniture de ses services, <strong>LEARNING SMART<\/strong> traite uniquement les donn\u00e9es personnelles suivantes strictement n\u00e9cessaires \u00e0 leur demande de prise de contact : nom, pr\u00e9nom et adresse email.<\/p>\n<p>La finalit\u00e9 de traitement de ces donn\u00e9es personnelles est de permettre \u00e0 <strong>LEARNING SMART<\/strong> de r\u00e9pondre aux sollicitations des internautes.<\/p>\n<p><strong>LEARNING SMART<\/strong> tient par \u00e9crit un registre de traitements des donn\u00e9es personnelles trait\u00e9es sur le Site.<\/p>\n<h3><strong>Destinataires des donn\u00e9es personnelles<\/strong><\/h3>\n<p><strong><\/strong><\/p>\n<p>Les donn\u00e9es personnelles collect\u00e9es sur le Site sont trait\u00e9es uniquement par les membres de l\u2019\u00e9quipe de <strong>LEARNING SMART<\/strong>.<\/p>\n<p>Toutes les donn\u00e9es personnelles sont stock\u00e9es sur des serveurs d\u00e9di\u00e9s situ\u00e9s dans l\u2019Union europ\u00e9enne. Les internautes sont inform\u00e9s que leurs donn\u00e9es personnelles feront l\u2019objet d\u2019une protection identique \u00e0 celle exig\u00e9e en Europe et se conformer au RGPD concernant les donn\u00e9es personnelles de citoyens europ\u00e9ens.<\/p>\n<h3><strong>Dur\u00e9e de conservation des donn\u00e9es personnelles<\/strong><\/h3>\n<p><strong><\/strong><\/p>\n<p><strong>LEARNING SMART<\/strong> s\u2019engage \u00e0 conserver ces donn\u00e9es personnelles, sauf obligation l\u00e9gale ou r\u00e9glementaire contraire, pour une dur\u00e9e maximale de trois ans \u00e0 compter du dernier contact avec l\u2019internaute, qu\u2019il soit \u00e0 l\u2019initiative de <strong>LEARNING SMART<\/strong> ou de l\u2019internaute (ex : envoi de la newsletter).<\/p>\n<p>A l\u2019issue de cette dur\u00e9e ou en cas d\u2019exercice de ses droits par les internautes, <strong>LEARNING SMART<\/strong> s\u2019engage \u00e0 d\u00e9truire toute copie des donn\u00e9es personnelles des internautes qu\u2019il d\u00e9tiendrait.<\/p>\n<h3><strong>S\u00e9curit\u00e9 des donn\u00e9es personnelles<\/strong><\/h3>\n<p><strong><\/strong><\/p>\n<p><strong>LEARNING SMART<\/strong> s\u2019engage, au titre de son obligation de moyens, \u00e0 prendre toutes les pr\u00e9cautions utiles et met en \u0153uvre des mesures techniques et organisationnelles appropri\u00e9es en la mati\u00e8re pour garantir un niveau de s\u00e9curit\u00e9 adapt\u00e9 et pour prot\u00e9ger les donn\u00e9es personnelles des internautes contre les alt\u00e9rations, destructions et acc\u00e8s non autoris\u00e9s.<\/p>\n<h3><strong>Droits des internautes sur leurs donn\u00e9es personnelles<\/strong><\/h3>\n<p>Les internautes ont la possibilit\u00e9 d\u2019exercer leurs droits d\u2019acc\u00e8s, de rectification, d\u2019effacement, d\u2019opposition, de limitation du traitement, de portabilit\u00e9 de leurs donn\u00e9es personnelles, droit de ne pas faire l\u2019objet d\u2019une d\u00e9cision individuelle automatis\u00e9e et droit de r\u00e9vocation de leur consentement, concernant les donn\u00e9es personnelles qu\u2019ils fournissent.<\/p>\n<p>Pour exercer l\u2019un de ces droits, il convient d\u2019adresser sa demande par email \u00e0 l\u2019adresse suivante\u00a0:<span>\u00a0<\/span><em>learningsmart.formations@gmail.com.<\/em><\/p>\n<p><strong>LEARNING SMART<\/strong> s\u2019engage \u00e0 y r\u00e9pondre dans les meilleurs d\u00e9lais et au plus tard dans un d\u00e9lai d\u2019un mois \u00e0 compter de la r\u00e9ception de la demande.<\/p>\n<p>Si les internautes consid\u00e8rent que le traitement de leurs donn\u00e9es personnelles constitue une violation de la l\u00e9gislation en vigueur, les internautes ont la possibilit\u00e9 d\u2019introduire une r\u00e9clamation aupr\u00e8s de la CNIL.<\/p>\n<h3><strong>Confidentialit\u00e9 des donn\u00e9es personnelles<\/strong><\/h3>\n<p><strong><\/strong><\/p>\n<p><strong>LEARNING SMART<\/strong> garantit la confidentialit\u00e9 des donn\u00e9es personnelles trait\u00e9es et veille \u00e0 ce que les personnes autoris\u00e9es \u00e0 traiter lesdites donn\u00e9es personnelles s\u2019engagent \u00e9galement \u00e0 respecter cette obligation de confidentialit\u00e9.<\/p>\n<h3><strong>4. COOKIES<\/strong><\/h3>\n<p><strong><\/strong><\/p>\n<p>La navigation sur le Site est susceptible d\u2019entra\u00eener l\u2019installation de cookies sur l\u2019ordinateur de l\u2019utilisateur.<\/p>\n<p>Les donn\u00e9es obtenues par le biais de ces cookies visent \u00e0 faciliter la navigation ult\u00e9rieure sur le Site et ont vocation \u00e0 permettre diverses mesures de fr\u00e9quentation sur le Site.<\/p>\n<p>L\u2019utilisateur du Site a la possibilit\u00e9 de d\u00e9sactiver les cookies en se rendant dans les options de son navigateur.<\/p>\n<p><strong><\/strong><\/p>\n<h3><strong>5. GOOGLE ANALYTICS<\/strong><\/h3>\n<p><strong><\/strong><\/p>\n<p><strong>LEARNING SMART<\/strong> utilise Google Analytics pour suivre les internautes sur ce Site.<\/p>\n<p>Des cookies sont utilis\u00e9s par Google Analytics pour collecter ces donn\u00e9es.<\/p>\n<p>Afin de se conformer \u00e0 la nouvelle r\u00e9glementation, Google ont inclus une modification au traitement des donn\u00e9es que les internautes peuvent consulter\u00a0sur les pages suivantes\u00a0:<\/p>\n<ul>\n<li><a href=\"https:\/\/www.google.com\/analytics\/terms\/dpa\/dataprocessingamendment_20130906.html\">Google Analytics<\/a><\/li>\n<\/ul>\n<p><strong>LEARNING SMART<\/strong> s\u2019engage \u00e0 traiter anonymement les donn\u00e9es collect\u00e9es et \u00e0 d\u00e9sactiver le \u00ab<span>\u00a0<\/span><em>partage de donn\u00e9es<\/em>\u00ab\u00a0.<\/p>\n<h3><strong>6. COMMENTAIRES<\/strong><\/h3>\n<p><strong><\/strong><\/p>\n<p><strong>LEARNING SMART<\/strong> encourage les internautes \u00e0 publier des commentaires sur le Site. Toutefois les commentaires n\u2019ayant aucun rapport avec le contenu du Site seront consid\u00e9r\u00e9s comme du spam et par cons\u00e9quent supprim\u00e9s. Les commentaires injurieux ou ayant des connotations racistes, violentes ou sexuelles seront \u00e9galement supprim\u00e9s.<\/p>\n<h3><strong>7. RESPONSABILITE<\/strong><\/h3>\n<p><strong><\/strong><\/p>\n<p><strong>LEARNING SMART<\/strong> d\u00e9cline toute responsabilit\u00e9 quant aux \u00e9ventuels dysfonctionnements pouvant survenir sur le Site et entra\u00eener une perte de donn\u00e9es ou une indisponibilit\u00e9 de l\u2019acc\u00e8s aux informations produites sur celui-ci.\u00a0 <strong>LEARNING SMART<\/strong> ne peut garantir l\u2019exhaustivit\u00e9 et la v\u00e9racit\u00e9 des informations pr\u00e9sentes sur le Site ainsi que l\u2019absence de modification par un tiers (intrusion, virus). L\u2019internaute est seul responsable de l\u2019utilisation qu\u2019il fait du contenu du Site.<\/p>\n<p>Les \u00e9l\u00e9ments pr\u00e9sent\u00e9s sur le Site sont susceptibles de modification sans pr\u00e9avis et sont mis \u00e0 la disposition des internautes, sans aucune garantie d\u2019aucune sorte, expresse ou tacite.<\/p>\n<p>La pr\u00e9sence de liens hypertextes pr\u00e9sents sur le Site ne cr\u00e9e pas une solidarit\u00e9 de responsabilit\u00e9 entre <strong>LEARNING SMART<\/strong> et les propri\u00e9taires des autres sites, quant au contenu des sites sur lesquels est redirig\u00e9 l\u2019internaute. Seule la responsabilit\u00e9 desdits sites peut \u00eatre engag\u00e9e.<\/p>\n<\/div>\n<\/div>\n<\/div>\n<\/div>\n<p>[\/et_pb_text][\/et_pb_column][\/et_pb_row][\/et_pb_section]<\/p>\n","protected":false},"excerpt":{"rendered":"<p>Mentions l\u00e9gales learningsmart.net\u00a0est un site \u00e9dit\u00e9 par LEARNING SMART au capital de 1000 \u20ac, immatricul\u00e9e au Registre du commerce et des soci\u00e9t\u00e9s de Amiens sous le num\u00e9ro 980 901 037 et ayant son si\u00e8ge social situ\u00e9 14 all\u00e9e de la P\u00e9pini\u00e8re Oasis &#8211; 80480 DURY Num\u00e9ro de d\u00e9claration d\u2019existence : 32 80 02461 80\u00a0 Directeur [&hellip;]<\/p>\n","protected":false},"author":1,"featured_media":0,"parent":0,"menu_order":0,"comment_status":"closed","ping_status":"closed","template":"","meta":{"_et_pb_use_builder":"on","_et_pb_old_content":"","_et_gb_content_width":"","footnotes":""},"class_list":["post-1481","page","type-page","status-publish","hentry"],"_links":{"self":[{"href":"https:\/\/learningsmart.net\/index.php\/wp-json\/wp\/v2\/pages\/1481","targetHints":{"allow":["GET"]}}],"collection":[{"href":"https:\/\/learningsmart.net\/index.php\/wp-json\/wp\/v2\/pages"}],"about":[{"href":"https:\/\/learningsmart.net\/index.php\/wp-json\/wp\/v2\/types\/page"}],"author":[{"embeddable":true,"href":"https:\/\/learningsmart.net\/index.php\/wp-json\/wp\/v2\/users\/1"}],"replies":[{"embeddable":true,"href":"https:\/\/learningsmart.net\/index.php\/wp-json\/wp\/v2\/comments?post=1481"}],"version-history":[{"count":10,"href":"https:\/\/learningsmart.net\/index.php\/wp-json\/wp\/v2\/pages\/1481\/revisions"}],"predecessor-version":[{"id":1672,"href":"https:\/\/learningsmart.net\/index.php\/wp-json\/wp\/v2\/pages\/1481\/revisions\/1672"}],"wp:attachment":[{"href":"https:\/\/learningsmart.net\/index.php\/wp-json\/wp\/v2\/media?parent=1481"}],"curies":[{"name":"wp","href":"https:\/\/api.w.org\/{rel}","templated":true}]}}